{"id":5491,"date":"2022-02-20T19:52:49","date_gmt":"2022-02-21T01:52:49","guid":{"rendered":"https:\/\/theadvocates.local\/?page_id=5491"},"modified":"2023-11-07T15:31:39","modified_gmt":"2023-11-07T21:31:39","slug":"services","status":"publish","type":"page","link":"https:\/\/www.utahadvocates.com\/es\/services\/","title":{"rendered":"Servicios"},"content":{"rendered":"<hr \/>\n<h1 class=\"advblue-text style=\">Casos que manejamos<\/h1>\n<hr \/>\n<p>En Los Advocates, entendemos que su caso de lesiones personales es tan \u00fanico como usted. Sabemos que incluso un accidente aparentemente \u00abmenor\u00bb puede dejarle con lesiones f\u00edsicas duraderas, angustia emocional y da\u00f1os financieros. Es por eso que asumimos una amplia variedad de tipos de casos: para ayudarlo a usted, la v\u00edctima, en todo lo que podamos.<\/p>\n<p>Vea los tipos de casos que manejamos a continuaci\u00f3n y haga clic en los \u00edconos para obtener m\u00e1s informaci\u00f3n sobre lo que The Advocates puede hacer por usted.<\/p>\n","protected":false},"excerpt":{"rendered":"<p>Casos que manejamos En Los Advocates, entendemos que su caso de lesiones personales es tan \u00fanico como usted. Sabemos que incluso un accidente aparentemente \u00abmenor\u00bb puede dejarle con lesiones f\u00edsicas duraderas, angustia emocional y da\u00f1os financieros. Es por eso que asumimos una amplia variedad de tipos de casos: para ayudarlo a usted, la v\u00edctima, en [&hellip;]<\/p>\n","protected":false},"author":21,"featured_media":4791,"parent":0,"menu_order":0,"comment_status":"closed","ping_status":"closed","template":"","meta":{"_acf_changed":false,"footnotes":""},"class_list":["post-5491","page","type-page","status-publish","has-post-thumbnail","hentry"],"acf":[],"_links":{"self":[{"href":"https:\/\/www.utahadvocates.com\/es\/wp-json\/wp\/v2\/pages\/5491","targetHints":{"allow":["GET"]}}],"collection":[{"href":"https:\/\/www.utahadvocates.com\/es\/wp-json\/wp\/v2\/pages"}],"about":[{"href":"https:\/\/www.utahadvocates.com\/es\/wp-json\/wp\/v2\/types\/page"}],"author":[{"embeddable":true,"href":"https:\/\/www.utahadvocates.com\/es\/wp-json\/wp\/v2\/users\/21"}],"replies":[{"embeddable":true,"href":"https:\/\/www.utahadvocates.com\/es\/wp-json\/wp\/v2\/comments?post=5491"}],"version-history":[{"count":0,"href":"https:\/\/www.utahadvocates.com\/es\/wp-json\/wp\/v2\/pages\/5491\/revisions"}],"wp:featuredmedia":[{"embeddable":true,"href":"https:\/\/www.utahadvocates.com\/es\/wp-json\/wp\/v2\/media\/4791"}],"wp:attachment":[{"href":"https:\/\/www.utahadvocates.com\/es\/wp-json\/wp\/v2\/media?parent=5491"}],"curies":[{"name":"wp","href":"https:\/\/api.w.org\/{rel}","templated":true}]}}